{"id":979,"date":"2023-02-20T17:38:38","date_gmt":"2023-02-20T16:38:38","guid":{"rendered":"https:\/\/sportparkfloehashop.de\/?page_id=979"},"modified":"2023-03-03T05:32:18","modified_gmt":"2023-03-03T04:32:18","slug":"massagegeraete","status":"publish","type":"page","link":"https:\/\/sportparkfloehashop.de\/?page_id=979","title":{"rendered":"Massageger\u00e4te"},"content":{"rendered":"<div id='av_section_1'  class='avia-section main_color avia-section-default avia-no-border-styling  avia-bg-style-scroll  avia-builder-el-0  avia-builder-el-no-sibling   container_wrap fullsize' style='background-color: #50c9c1;  '  ><div class='container' ><main  role=\"main\" itemprop=\"mainContentOfPage\"  class='template-page content  av-content-full alpha units'><div class='post-entry post-entry-type-page post-entry-979'><div class='entry-content-wrapper clearfix'>\n<div  class='av-social-sharing-box  avia-builder-el-1  el_before_av_heading  avia-builder-el-first  '><div class='av-share-box'><ul class='av-share-box-list noLightbox'><li class='av-share-link av-social-link-facebook' ><a target=\"_blank\" aria-label=\"Teilen auf Facebook\" href='https:\/\/www.facebook.com\/sharer.php?u=https:\/\/sportparkfloehashop.de\/?page_id=979&#038;t=Massageger%C3%A4te' aria-hidden='false' data-av_icon='\ue8f3' data-av_iconfont='entypo-fontello' title='' data-avia-related-tooltip='Teilen auf Facebook' rel=\"noopener\"><span class='avia_hidden_link_text'>Teilen auf Facebook<\/span><\/a><\/li><li class='av-share-link av-social-link-whatsapp' ><a target=\"_blank\" aria-label=\"Teilen auf WhatsApp\" href='https:\/\/api.whatsapp.com\/send?text=https:\/\/sportparkfloehashop.de\/?page_id=979' aria-hidden='false' data-av_icon='\uf232' data-av_iconfont='entypo-fontello' title='' data-avia-related-tooltip='Teilen auf WhatsApp' rel=\"noopener\"><span class='avia_hidden_link_text'>Teilen auf WhatsApp<\/span><\/a><\/li><li class='av-share-link av-social-link-mail' ><a  aria-label=\"Per E-Mail teilen\" href='mailto:?subject=Massageger%C3%A4te&#038;body=https:\/\/sportparkfloehashop.de\/?page_id=979' aria-hidden='false' data-av_icon='\ue805' data-av_iconfont='entypo-fontello' title='' data-avia-related-tooltip='Per E-Mail teilen'><span class='avia_hidden_link_text'>Per E-Mail teilen<\/span><\/a><\/li><\/ul><\/div><\/div>\n<div  style='padding-bottom:10px; color:#000000;' class='av-special-heading av-special-heading-h1 custom-color-heading   avia-builder-el-2  el_after_av_social_share  el_before_av_textblock  '><h1 class='av-special-heading-tag '  itemprop=\"headline\"  >Massageger\u00e4te<\/h1><div class='special-heading-border'><div class='special-heading-inner-border' style='border-color:#000000'><\/div><\/div><\/div>\n<section class=\"av_textblock_section \"  itemscope=\"itemscope\" itemtype=\"https:\/\/schema.org\/CreativeWork\" ><div class='avia_textblock  '   itemprop=\"text\" ><p>Verspannungen und Verkrampfungen im Nacken-, Schulter- und R\u00fcckenbereich sind unangenehm und oftmals schmerzhaft. Dies ist in vielen F\u00e4llen auf die Aus\u00fcbung von sitzenden T\u00e4tigkeiten oder mangelnde Bewegung zur\u00fcckzuf\u00fchren.<br \/>\nMithilfe von Massageger\u00e4ten l\u00e4sst sich die Durchblutung verbessern; ebenso k\u00f6nnen Verspannungen beseitigt werden. <\/p>\n<p>Die TENS-Therapie zur Stimulation der Nerven mithilfe von elektrischen Impulsen gilt seit den 1960er-Jahren als anerkannte Schmerztherapie f\u00fcr akute und chronische Schmerzsymptome. Das Anwendungsspektrum ist vielseitig und verspricht eine Linderung bei Schmerzen jeglicher Art.<br \/>\nDer durch ein Stimulationsger\u00e4t erzeugte Reizstrom blockiert die Erregungsleitung der Nervenfasern, sodass sie den Schmerz nicht weiterleiten k\u00f6nnen.<\/p>\n<\/div><\/section>\n<div   class='hr hr-default   avia-builder-el-4  el_after_av_textblock  el_before_av_heading '><span class='hr-inner ' ><span class='hr-inner-style'><\/span><\/span><\/div>\n<div  style='padding-bottom:10px; color:#000000;' class='av-special-heading av-special-heading-h1 custom-color-heading   avia-builder-el-5  el_after_av_hr  el_before_av_one_third  '><h1 class='av-special-heading-tag '  itemprop=\"headline\"  >TENS- Ger\u00e4te<\/h1><div class='special-heading-border'><div class='special-heading-inner-border' style='border-color:#000000'><\/div><\/div><\/div>\n<div class=\"flex_column av_one_third  flex_column_div av-zero-column-padding first  avia-builder-el-6  el_after_av_heading  el_before_av_one_third  \" style='border-radius:0px; '><p><div  style='padding-bottom:10px; color:#000000;' class='av-special-heading av-special-heading-h3 custom-color-heading   avia-builder-el-7  el_before_av_image  avia-builder-el-first  av-linked-heading '><h3 class='av-special-heading-tag '  itemprop=\"headline\"  ><a href=\"https:\/\/amzn.to\/3IScVQe\">BEURER-  4-in-1 Reizstromger\u00e4t zur Schmerztherapie, Muskelstimulation, Massage und W\u00e4rmetherapie, inkl. 4 Elektroden und Akku<\/a><\/h3><div class='special-heading-border'><div class='special-heading-inner-border' style='border-color:#000000'><\/div><\/div><\/div><br \/>\n<div  class='avia-image-container  av-styling-    avia-builder-el-8  el_after_av_heading  el_before_av_button  avia-align-center '  itemprop=\"image\" itemscope=\"itemscope\" itemtype=\"https:\/\/schema.org\/ImageObject\"  ><div class='avia-image-container-inner'><div class='avia-image-overlay-wrap'><img class='wp-image-1056 avia-img-lazy-loading-not-1056 avia_image' src=\"https:\/\/sportparkfloehashop.de\/wp-content\/uploads\/sites\/35171\/2023\/03\/61VwHSLaTL._AC_SY355_.jpg\" alt='' title='61VwHSL+aTL._AC_SY355_' height=\"355\" width=\"311\"  itemprop=\"thumbnailUrl\"  \/><\/div><\/div><\/div><br \/>\n<div  class='avia-button-wrap avia-button-center  avia-builder-el-9  el_after_av_image  avia-builder-el-last ' ><a href='https:\/\/amzn.to\/3IScVQe'  class='avia-button  avia-color-orange  avia-font-color-black  avia-icon_select-yes-left-icon avia-size-medium avia-position-center '   ><span class='avia_button_icon avia_button_icon_left ' aria-hidden='true' data-av_icon='\ue859' data-av_iconfont='entypo-fontello'><\/span><span class='avia_iconbox_title' >zum Shop<\/span><span class='avia_button_background avia-button avia-color-theme-color-highlight' ><\/span><\/a><\/div><\/p><\/div><div class=\"flex_column av_one_third  flex_column_div av-zero-column-padding   avia-builder-el-10  el_after_av_one_third  el_before_av_one_third  \" style='border-radius:0px; '><p><div  style='padding-bottom:10px; color:#000000;' class='av-special-heading av-special-heading-h3 custom-color-heading   avia-builder-el-11  el_before_av_image  avia-builder-el-first  av-linked-heading '><h3 class='av-special-heading-tag '  itemprop=\"headline\"  ><a href=\"https:\/\/amzn.to\/41AJb2R\">Beurer EM 59 Heat Gel-Pads, Nachkaufset mit 8 selbsthaftenden Gel-Pads zur Verwendung mit EM 59 Heat Digital TENS\/EMS, Gr\u00f6&szlig;e: 45x 45 mm<\/a><\/h3><div class='special-heading-border'><div class='special-heading-inner-border' style='border-color:#000000'><\/div><\/div><\/div><br \/>\n<div  class='avia-image-container  av-styling-    avia-builder-el-12  el_after_av_heading  el_before_av_button  avia-align-center '  itemprop=\"image\" itemscope=\"itemscope\" itemtype=\"https:\/\/schema.org\/ImageObject\"  ><div class='avia-image-container-inner'><div class='avia-image-overlay-wrap'><img class='wp-image-1069 avia-img-lazy-loading-not-1069 avia_image' src=\"https:\/\/sportparkfloehashop.de\/wp-content\/uploads\/sites\/35171\/2023\/03\/51wyMtZVcSL._AC_SY355_.jpg\" alt='' title='51wyMtZVcSL._AC_SY355_' height=\"355\" width=\"524\"  itemprop=\"thumbnailUrl\"  \/><\/div><\/div><\/div><br \/>\n<div  class='avia-button-wrap avia-button-center  avia-builder-el-13  el_after_av_image  avia-builder-el-last ' ><a href='https:\/\/amzn.to\/41AJb2R'  class='avia-button  avia-color-orange  avia-font-color-black  avia-icon_select-yes-left-icon avia-size-medium avia-position-center '   ><span class='avia_button_icon avia_button_icon_left ' aria-hidden='true' data-av_icon='\ue859' data-av_iconfont='entypo-fontello'><\/span><span class='avia_iconbox_title' >zum Shop<\/span><span class='avia_button_background avia-button avia-color-theme-color-highlight' ><\/span><\/a><\/div><\/p><\/div><div class=\"flex_column av_one_third  flex_column_div av-zero-column-padding   avia-builder-el-14  el_after_av_one_third  el_before_av_one_third  \" style='border-radius:0px; '><p><div  style='padding-bottom:10px; color:#000000;' class='av-special-heading av-special-heading-h3 custom-color-heading   avia-builder-el-15  el_before_av_image  avia-builder-el-first  av-linked-heading '><h3 class='av-special-heading-tag '  itemprop=\"headline\"  ><a href=\"https:\/\/amzn.to\/3kHW4aG\">Tens Ger\u00e4t gegen t\u00e4gliche Schmerzen | Analgetikum lindert chronische sowie akute Schmerzen, wie Ischias, Sehnenentz\u00fcndung, Nacken-, und Schulterschmerzen, H\u00fcft-, R\u00fcckenschmerzen oder Stenose<\/a><\/h3><div class='special-heading-border'><div class='special-heading-inner-border' style='border-color:#000000'><\/div><\/div><\/div><br \/>\n<div  class='avia-image-container  av-styling-    avia-builder-el-16  el_after_av_heading  el_before_av_button  avia-align-center '  itemprop=\"image\" itemscope=\"itemscope\" itemtype=\"https:\/\/schema.org\/ImageObject\"  ><div class='avia-image-container-inner'><div class='avia-image-overlay-wrap'><img class='wp-image-1054 avia-img-lazy-loading-not-1054 avia_image' src=\"https:\/\/sportparkfloehashop.de\/wp-content\/uploads\/sites\/35171\/2023\/03\/51ogQq7dfPL._SX425_.jpg\" alt='' title='51ogQq7dfPL._SX425_' height=\"425\" width=\"425\"  itemprop=\"thumbnailUrl\" srcset=\"https:\/\/sportparkfloehashop.de\/wp-content\/uploads\/sites\/35171\/2023\/03\/51ogQq7dfPL._SX425_.jpg 425w, https:\/\/sportparkfloehashop.de\/wp-content\/uploads\/sites\/35171\/2023\/03\/51ogQq7dfPL._SX425_-80x80.jpg 80w\" sizes=\"(max-width: 425px) 100vw, 425px\" \/><\/div><\/div><\/div><br \/>\n<div  class='avia-button-wrap avia-button-center  avia-builder-el-17  el_after_av_image  avia-builder-el-last ' ><a href='https:\/\/amzn.to\/3kHW4aG'  class='avia-button  avia-color-orange  avia-font-color-black  avia-icon_select-yes-left-icon avia-size-medium avia-position-center '   ><span class='avia_button_icon avia_button_icon_left ' aria-hidden='true' data-av_icon='\ue859' data-av_iconfont='entypo-fontello'><\/span><span class='avia_iconbox_title' >zum Shop<\/span><span class='avia_button_background avia-button avia-color-theme-color-highlight' ><\/span><\/a><\/div><\/p><\/div><div class=\"flex_column av_one_third  flex_column_div av-zero-column-padding first  avia-builder-el-18  el_after_av_one_third  el_before_av_one_third  column-top-margin\" style='border-radius:0px; '><p><div  style='padding-bottom:10px; color:#000000;' class='av-special-heading av-special-heading-h3 custom-color-heading   avia-builder-el-19  el_before_av_image  avia-builder-el-first  av-linked-heading '><h3 class='av-special-heading-tag '  itemprop=\"headline\"  ><a href=\"https:\/\/amzn.to\/3SLrgSJ\">AXION- 16 TENS-EMS Elektroden-Pads 5&#215;5 cm | Wiederverwendbar |Sehr gute Haft &#8211; und Leitf\u00e4higkeit | Zertifiziertes Medizinprodukt &#8211; axion<\/a><\/h3><div class='special-heading-border'><div class='special-heading-inner-border' style='border-color:#000000'><\/div><\/div><\/div><br \/>\n<div  class='avia-image-container  av-styling-    avia-builder-el-20  el_after_av_heading  el_before_av_button  avia-align-center '  itemprop=\"image\" itemscope=\"itemscope\" itemtype=\"https:\/\/schema.org\/ImageObject\"  ><div class='avia-image-container-inner'><div class='avia-image-overlay-wrap'><img class='wp-image-1063 avia-img-lazy-loading-not-1063 avia_image' src=\"https:\/\/sportparkfloehashop.de\/wp-content\/uploads\/sites\/35171\/2023\/03\/91pzTpMKdiL._AC_SY450_.jpg\" alt='' title='91pzTpMKdiL._AC_SY450_' height=\"450\" width=\"382\"  itemprop=\"thumbnailUrl\"  \/><\/div><\/div><\/div><br \/>\n<div  class='avia-button-wrap avia-button-center  avia-builder-el-21  el_after_av_image  avia-builder-el-last ' ><a href='https:\/\/amzn.to\/3SLrgSJ'  class='avia-button  avia-color-orange  avia-font-color-black  avia-icon_select-yes-left-icon avia-size-medium avia-position-center '   ><span class='avia_button_icon avia_button_icon_left ' aria-hidden='true' data-av_icon='\ue859' data-av_iconfont='entypo-fontello'><\/span><span class='avia_iconbox_title' >zum Shop<\/span><span class='avia_button_background avia-button avia-color-theme-color-highlight' ><\/span><\/a><\/div><\/p><\/div><div class=\"flex_column av_one_third  flex_column_div av-zero-column-padding   avia-builder-el-22  el_after_av_one_third  el_before_av_one_third  column-top-margin\" style='border-radius:0px; '><p><div  style='padding-bottom:10px; color:#000000;' class='av-special-heading av-special-heading-h3 custom-color-heading   avia-builder-el-23  el_before_av_image  avia-builder-el-first  av-linked-heading '><h3 class='av-special-heading-tag '  itemprop=\"headline\"  ><a href=\"https:\/\/amzn.to\/3J7MTth\">AXION- Reizstromger\u00e4t f\u00fcr Schmerztherapie z.B. bei Arthrose, Arthritis, Nacken, R\u00fccken, Gelenke<\/a><\/h3><div class='special-heading-border'><div class='special-heading-inner-border' style='border-color:#000000'><\/div><\/div><\/div><br \/>\n<div  class='avia-image-container  av-styling-    avia-builder-el-24  el_after_av_heading  el_before_av_button  avia-align-center '  itemprop=\"image\" itemscope=\"itemscope\" itemtype=\"https:\/\/schema.org\/ImageObject\"  ><div class='avia-image-container-inner'><div class='avia-image-overlay-wrap'><img class='wp-image-1065 avia-img-lazy-loading-not-1065 avia_image' src=\"https:\/\/sportparkfloehashop.de\/wp-content\/uploads\/sites\/35171\/2023\/03\/61n93uUldOL._AC_SY355_.jpg\" alt='' title='61n93uUldOL._AC_SY355_' height=\"355\" width=\"453\"  itemprop=\"thumbnailUrl\"  \/><\/div><\/div><\/div><br \/>\n<div  class='avia-button-wrap avia-button-center  avia-builder-el-25  el_after_av_image  avia-builder-el-last ' ><a href='https:\/\/amzn.to\/3J7MTth'  class='avia-button  avia-color-orange  avia-font-color-black  avia-icon_select-yes-left-icon avia-size-medium avia-position-center '   ><span class='avia_button_icon avia_button_icon_left ' aria-hidden='true' data-av_icon='\ue859' data-av_iconfont='entypo-fontello'><\/span><span class='avia_iconbox_title' >zum Shop<\/span><span class='avia_button_background avia-button avia-color-theme-color-highlight' ><\/span><\/a><\/div><\/p><\/div><div class=\"flex_column av_one_third  flex_column_div av-zero-column-padding   avia-builder-el-26  el_after_av_one_third  el_before_av_one_third  column-top-margin\" style='border-radius:0px; '><p><div  style='padding-bottom:10px; color:#000000;' class='av-special-heading av-special-heading-h3 custom-color-heading   avia-builder-el-27  el_before_av_image  avia-builder-el-first  av-linked-heading '><h3 class='av-special-heading-tag '  itemprop=\"headline\"  ><a href=\"https:\/\/amzn.to\/3xAwJSD\">Elektrostimulatoren f\u00fcr Nacken, R\u00fccken, Schulter, Beine <\/a><\/h3><div class='special-heading-border'><div class='special-heading-inner-border' style='border-color:#000000'><\/div><\/div><\/div><br \/>\n<div  class='avia-image-container  av-styling-    avia-builder-el-28  el_after_av_heading  el_before_av_button  avia-align-center '  itemprop=\"image\" itemscope=\"itemscope\" itemtype=\"https:\/\/schema.org\/ImageObject\"  ><div class='avia-image-container-inner'><div class='avia-image-overlay-wrap'><img class='wp-image-988 avia-img-lazy-loading-not-988 avia_image' src=\"https:\/\/sportparkfloehashop.de\/wp-content\/uploads\/sites\/35171\/2023\/02\/71bxmBQ6v3L._AC_SX569_.jpg\" alt='' title='71bxmBQ6v3L._AC_SX569_' height=\"560\" width=\"569\"  itemprop=\"thumbnailUrl\" srcset=\"https:\/\/sportparkfloehashop.de\/wp-content\/uploads\/sites\/35171\/2023\/02\/71bxmBQ6v3L._AC_SX569_.jpg 569w, https:\/\/sportparkfloehashop.de\/wp-content\/uploads\/sites\/35171\/2023\/02\/71bxmBQ6v3L._AC_SX569_-80x80.jpg 80w\" sizes=\"(max-width: 569px) 100vw, 569px\" \/><\/div><\/div><\/div><br \/>\n<div  class='avia-button-wrap avia-button-center  avia-builder-el-29  el_after_av_image  avia-builder-el-last ' ><a href='https:\/\/amzn.to\/3xAwJSD'  class='avia-button  avia-color-orange  avia-font-color-black  avia-icon_select-yes-left-icon avia-size-medium avia-position-center '   ><span class='avia_button_icon avia_button_icon_left ' aria-hidden='true' data-av_icon='\ue859' data-av_iconfont='entypo-fontello'><\/span><span class='avia_iconbox_title' >zum Shop<\/span><span class='avia_button_background avia-button avia-color-theme-color-highlight' ><\/span><\/a><\/div><\/p><\/div><div class=\"flex_column av_one_third  flex_column_div av-zero-column-padding first  avia-builder-el-30  el_after_av_one_third  el_before_av_hr  column-top-margin\" style='border-radius:0px; '><p><div  style='padding-bottom:10px; color:#000000;' class='av-special-heading av-special-heading-h3 custom-color-heading   avia-builder-el-31  el_before_av_image  avia-builder-el-first  av-linked-heading '><h3 class='av-special-heading-tag '  itemprop=\"headline\"  ><a href=\"https:\/\/amzn.to\/3mdTcCQ\">Beurer EM 50 Menstrual Relax, gegen Menstruationsschmerzen und Schmerzen aus Endometriose<\/a><\/h3><div class='special-heading-border'><div class='special-heading-inner-border' style='border-color:#000000'><\/div><\/div><\/div><br \/>\n<div  class='avia-image-container  av-styling-    avia-builder-el-32  el_after_av_heading  el_before_av_button  avia-align-center '  itemprop=\"image\" itemscope=\"itemscope\" itemtype=\"https:\/\/schema.org\/ImageObject\"  ><div class='avia-image-container-inner'><div class='avia-image-overlay-wrap'><img class='wp-image-1048 avia-img-lazy-loading-not-1048 avia_image' src=\"https:\/\/sportparkfloehashop.de\/wp-content\/uploads\/sites\/35171\/2023\/02\/81uRYKt70gL._AC_SY355_.jpg\" alt='' title='81uRYKt70gL._AC_SY355_' height=\"355\" width=\"355\"  itemprop=\"thumbnailUrl\" srcset=\"https:\/\/sportparkfloehashop.de\/wp-content\/uploads\/sites\/35171\/2023\/02\/81uRYKt70gL._AC_SY355_.jpg 355w, https:\/\/sportparkfloehashop.de\/wp-content\/uploads\/sites\/35171\/2023\/02\/81uRYKt70gL._AC_SY355_-80x80.jpg 80w\" sizes=\"(max-width: 355px) 100vw, 355px\" \/><\/div><\/div><\/div><br \/>\n<div  class='avia-button-wrap avia-button-center  avia-builder-el-33  el_after_av_image  avia-builder-el-last ' ><a href='https:\/\/amzn.to\/3mdTcCQ'  class='avia-button  avia-color-orange  avia-font-color-black  avia-icon_select-yes-left-icon avia-size-medium avia-position-center '   ><span class='avia_button_icon avia_button_icon_left ' aria-hidden='true' data-av_icon='\ue859' data-av_iconfont='entypo-fontello'><\/span><span class='avia_iconbox_title' >zum Shop<\/span><span class='avia_button_background avia-button avia-color-theme-color-highlight' ><\/span><\/a><\/div><\/p><\/div><div   class='hr hr-default   avia-builder-el-34  el_after_av_one_third  el_before_av_one_third '><span class='hr-inner ' ><span class='hr-inner-style'><\/span><\/span><\/div>\n<div class=\"flex_column av_one_third  flex_column_div av-zero-column-padding first  avia-builder-el-35  el_after_av_hr  el_before_av_one_third  \" style='border-radius:0px; '><p><div  style='padding-bottom:10px; ' class='av-special-heading av-special-heading-h3    avia-builder-el-36  el_before_av_image  avia-builder-el-first  av-linked-heading '><h3 class='av-special-heading-tag '  itemprop=\"headline\"  ><a href=\"https:\/\/amzn.to\/3SbZn6i\">Massagepistole<\/a><\/h3><div class='special-heading-border'><div class='special-heading-inner-border' ><\/div><\/div><\/div><br \/>\n<div  class='avia-image-container  av-styling-    avia-builder-el-37  el_after_av_heading  el_before_av_button  avia-align-center '  itemprop=\"image\" itemscope=\"itemscope\" itemtype=\"https:\/\/schema.org\/ImageObject\"  ><div class='avia-image-container-inner'><div class='avia-image-overlay-wrap'><img class='wp-image-984 avia-img-lazy-loading-not-984 avia_image' src=\"https:\/\/sportparkfloehashop.de\/wp-content\/uploads\/sites\/35171\/2023\/02\/71LRGDAlV7L._AC_SY355_.jpg\" alt='' title='71LRGDAlV7L._AC_SY355_' height=\"355\" width=\"343\"  itemprop=\"thumbnailUrl\"  \/><\/div><\/div><\/div><br \/>\n<div  class='avia-button-wrap avia-button-center  avia-builder-el-38  el_after_av_image  avia-builder-el-last ' ><a href='https:\/\/amzn.to\/3SbZn6i'  class='avia-button  avia-color-orange   avia-icon_select-yes-left-icon avia-size-medium avia-position-center '   ><span class='avia_button_icon avia_button_icon_left ' aria-hidden='true' data-av_icon='\ue859' data-av_iconfont='entypo-fontello'><\/span><span class='avia_iconbox_title' >zum Shop<\/span><\/a><\/div><\/p><\/div><div class=\"flex_column av_one_third  flex_column_div av-zero-column-padding   avia-builder-el-39  el_after_av_one_third  avia-builder-el-last  \" style='border-radius:0px; '><p><div  style='padding-bottom:10px; ' class='av-special-heading av-special-heading-h3    avia-builder-el-40  el_before_av_image  avia-builder-el-first  av-linked-heading '><h3 class='av-special-heading-tag '  itemprop=\"headline\"  ><a href=\"https:\/\/amzn.to\/418ZGCU\">Mini-Massager<\/a><\/h3><div class='special-heading-border'><div class='special-heading-inner-border' ><\/div><\/div><\/div><br \/>\n<div  class='avia-image-container  av-styling-    avia-builder-el-41  el_after_av_heading  el_before_av_button  avia-align-center '  itemprop=\"image\" itemscope=\"itemscope\" itemtype=\"https:\/\/schema.org\/ImageObject\"  ><div class='avia-image-container-inner'><div class='avia-image-overlay-wrap'><img class='wp-image-990 avia-img-lazy-loading-not-990 avia_image' src=\"https:\/\/sportparkfloehashop.de\/wp-content\/uploads\/sites\/35171\/2023\/02\/51043hMNuZL._AC_SY450_.jpg\" alt='' title='51043hMNuZL._AC_SY450_' height=\"450\" width=\"381\"  itemprop=\"thumbnailUrl\"  \/><\/div><\/div><\/div><br \/>\n<div  class='avia-button-wrap avia-button-center  avia-builder-el-42  el_after_av_image  avia-builder-el-last ' ><a href='https:\/\/amzn.to\/418ZGCU'  class='avia-button  avia-color-orange   avia-icon_select-yes-left-icon avia-size-medium avia-position-center '   ><span class='avia_button_icon avia_button_icon_left ' aria-hidden='true' data-av_icon='\ue859' data-av_iconfont='entypo-fontello'><\/span><span class='avia_iconbox_title' >zum Shop<\/span><\/a><\/div><\/p><\/div>\n","protected":false},"excerpt":{"rendered":"","protected":false},"author":44543,"featured_media":0,"parent":0,"menu_order":0,"comment_status":"closed","ping_status":"closed","template":"","meta":[],"_links":{"self":[{"href":"https:\/\/sportparkfloehashop.de\/index.php?rest_route=\/wp\/v2\/pages\/979"}],"collection":[{"href":"https:\/\/sportparkfloehashop.de\/index.php?rest_route=\/wp\/v2\/pages"}],"about":[{"href":"https:\/\/sportparkfloehashop.de\/index.php?rest_route=\/wp\/v2\/types\/page"}],"author":[{"embeddable":true,"href":"https:\/\/sportparkfloehashop.de\/index.php?rest_route=\/wp\/v2\/users\/44543"}],"replies":[{"embeddable":true,"href":"https:\/\/sportparkfloehashop.de\/index.php?rest_route=%2Fwp%2Fv2%2Fcomments&post=979"}],"version-history":[{"count":29,"href":"https:\/\/sportparkfloehashop.de\/index.php?rest_route=\/wp\/v2\/pages\/979\/revisions"}],"predecessor-version":[{"id":983,"href":"https:\/\/sportparkfloehashop.de\/index.php?rest_route=\/wp\/v2\/pages\/979\/revisions\/983"}],"wp:attachment":[{"href":"https:\/\/sportparkfloehashop.de\/index.php?rest_route=%2Fwp%2Fv2%2Fmedia&parent=979"}],"curies":[{"name":"wp","href":"https:\/\/api.w.org\/{rel}","templated":true}]}}